{"id":2,"date":"2022-03-23T19:54:36","date_gmt":"2022-03-23T22:54:36","guid":{"rendered":"https:\/\/marilirequiaseguros.com.br\/flight\/?page_id=2"},"modified":"2022-03-28T15:01:30","modified_gmt":"2022-03-28T18:01:30","slug":"termos-de-uso","status":"publish","type":"page","link":"https:\/\/marilirequiaseguros.com.br\/flight\/termos-de-uso\/","title":{"rendered":"Termos de Uso e LGPD"},"content":{"rendered":"\t\t<div data-elementor-type=\"wp-page\" data-elementor-id=\"2\" class=\"elementor elementor-2\">\n\t\t\t\t\t\t\t\t\t<section class=\"elementor-section elementor-top-section elementor-element elementor-element-d1c2138 elementor-section-boxed elementor-section-height-default elementor-section-height-default\" data-id=\"d1c2138\" data-element_type=\"section\">\n\t\t\t\t\t\t<div class=\"elementor-container elementor-column-gap-default\">\n\t\t\t\t\t<div class=\"elementor-column elementor-col-100 elementor-top-column elementor-element elementor-element-3049763\" data-id=\"3049763\" data-element_type=\"column\">\n\t\t\t<div class=\"elementor-widget-wrap elementor-element-populated\">\n\t\t\t\t\t\t\t\t<div class=\"elementor-element elementor-element-ac2885e elementor-widget elementor-widget-html\" data-id=\"ac2885e\" data-element_type=\"widget\" data-widget_type=\"html.default\">\n\t\t\t\t<div class=\"elementor-widget-container\">\n\t\t\t<h2>1. Termos<\/h2>            <p>Ao acessar ao site <a href='marilirequiaseguros.com.br'>Marili Requia Corretora de Seguros<\/a>, concorda em cumprir estes termos de servi\u00e7o, todas as leis e regulamentos aplic\u00e1veis \u200b\u200be concorda que \u00e9 respons\u00e1vel pelo cumprimento de todas as leis locais aplic\u00e1veis. Se voc\u00ea n\u00e3o concordar com algum                desses termos, est\u00e1 proibido de usar ou acessar este site. Os conte\u00fados contidos neste site s\u00e3o protegidos pelas leis de direitos autorais e marcas comerciais aplic\u00e1veis.<\/p>            <h2>2. Uso de Licen\u00e7a<\/h2>            <p>\u00c9 concedida permiss\u00e3o para baixar temporariamente uma c\u00f3pia dos conte\u00fados (informa\u00e7\u00f5es ou software) no site Marili Requia Corretora de Seguros , apenas para visualiza\u00e7\u00e3o transit\u00f3ria pessoal e n\u00e3o comercial. Esta \u00e9 a concess\u00e3o de uma licen\u00e7a, n\u00e3o uma transfer\u00eancia de t\u00edtulo e,                sob esta licen\u00e7a, voc\u00ea n\u00e3o pode:\u00a0<\/p>            <ol>            <li>modificar ou copiar os conte\u00fados;\u00a0 <\/li>            <li>usar os conte\u00fados para qualquer finalidade comercial ou para exibi\u00e7\u00e3o p\u00fablica (comercial ou n\u00e3o comercial);\u00a0 <\/li>            <li>tentar descompilar ou fazer engenharia reversa de qualquer software contido no site Marili Requia Corretora de Seguros;\u00a0 <\/li>            <li>remover quaisquer direitos autorais ou outras nota\u00e7\u00f5es de propriedade dos conte\u00fados; ou\u00a0 <\/li>            <li>transferir os conte\u00fados para outra pessoa ou 'espelhe' os conte\u00fados em qualquer outro servidor.<\/li>            <\/ol>            <p>Esta licen\u00e7a ser\u00e1 automaticamente rescindida se voc\u00ea violar alguma dessas restri\u00e7\u00f5es e poder\u00e1 ser rescindida por Marili Requia Corretora de Seguros a qualquer momento. Ao encerrar a visualiza\u00e7\u00e3o desses conte\u00fados ou ap\u00f3s o t\u00e9rmino desta licen\u00e7a, voc\u00ea deve apagar todos os conte\u00fados                baixados em sua posse, seja em formato eletr\u00f3nico ou impresso.<\/p>            <h2>3. Isen\u00e7\u00e3o de responsabilidade<\/h2>            <ol>            <li>Os conte\u00fados no site da Marili Requia Corretora de Seguros s\u00e3o fornecidos 'como est\u00e3o'. Marili Requia Corretora de Seguros n\u00e3o oferece garantias, expressas ou impl\u00edcitas, e, por este meio, isenta e nega todas as outras garantias, incluindo, sem limita\u00e7\u00e3o, garantias impl\u00edcitas ou condi\u00e7\u00f5es de comercializa\u00e7\u00e3o,            adequa\u00e7\u00e3o a um fim espec\u00edfico ou n\u00e3o viola\u00e7\u00e3o de propriedade intelectual ou outra viola\u00e7\u00e3o de direitos. <\/li>            <li>Al\u00e9m disso, o Marili Requia Corretora de Seguros n\u00e3o garante ou faz qualquer representa\u00e7\u00e3o relativa \u00e0 precis\u00e3o, aos resultados prov\u00e1veis \u200b\u200bou \u00e0 confiabilidade do uso dos            conte\u00fados em seu site ou de outra forma relacionado a esses conte\u00fados ou em sites vinculados a este site.<\/li>            <\/ol>            <h2>4. Limita\u00e7\u00f5es<\/h2>            <p>Em nenhum caso o Marili Requia Corretora de Seguros ou seus fornecedores ser\u00e3o respons\u00e1veis \u200b\u200bpor quaisquer danos (incluindo, sem limita\u00e7\u00e3o, danos por perda de dados ou lucro ou devido a interrup\u00e7\u00e3o dos neg\u00f3cios) decorrentes do uso ou da incapacidade de usar os conte\u00fados em Marili Requia Corretora de Seguros,                mesmo que Marili Requia Corretora de Seguros ou um representante autorizado da Marili Requia Corretora de Seguros tenha sido notificado oralmente ou por escrito da possibilidade de tais danos. Como algumas jurisdi\u00e7\u00f5es n\u00e3o permitem limita\u00e7\u00f5es em garantias impl\u00edcitas, ou limita\u00e7\u00f5es de responsabilidade                por danos conseq\u00fcentes ou incidentais, essas limita\u00e7\u00f5es podem n\u00e3o se aplicar a voc\u00ea.<\/p>            <h2>5. Precis\u00e3o dos conte\u00fados<\/h2>            <p>Os conte\u00fados exibidos no site da Marili Requia Corretora de Seguros podem incluir erros t\u00e9cnicos, tipogr\u00e1ficos ou fotogr\u00e1ficos. Marili Requia Corretora de Seguros n\u00e3o garante que qualquer material em seu site seja preciso, completo ou atual. Marili Requia Corretora de Seguros pode fazer altera\u00e7\u00f5es nos conte\u00fados contidos em seu                site a qualquer momento, sem aviso pr\u00e9vio. No entanto, Marili Requia Corretora de Seguros n\u00e3o se compromete a atualizar os conte\u00fados.<\/p>            <h2>6. Links<\/h2>            <p>O Marili Requia Corretora de Seguros n\u00e3o analisou todos os sites vinculados ao seu site e n\u00e3o \u00e9 respons\u00e1vel pelo conte\u00fado de nenhum site vinculado. A inclus\u00e3o de qualquer link n\u00e3o implica endosso por Marili Requia Corretora de Seguros do site. O uso de qualquer site vinculado \u00e9 por conta e risco do usu\u00e1rio.<\/p>            <\/p>            <h3>Modifica\u00e7\u00f5es<\/h3>            <p>O Marili Requia Corretora de Seguros pode revisar estes termos de servi\u00e7o do site a qualquer momento, sem aviso pr\u00e9vio. Ao usar este site, voc\u00ea concorda em ficar vinculado \u00e0 vers\u00e3o atual desses termos de servi\u00e7o.<\/p>            <h3>Lei aplic\u00e1vel<\/h3>            <p>Estes termos e condi\u00e7\u00f5es s\u00e3o regidos e interpretados de acordo com as leis de Marili Requia Corretora de Seguros e voc\u00ea se submete irrevogavelmente \u00e0 jurisdi\u00e7\u00e3o exclusiva dos tribunais naquele estado ou localidade.<\/p>\t\t<\/div>\n\t\t\t\t<\/div>\n\t\t\t\t\t<\/div>\n\t\t<\/div>\n\t\t\t\t\t\t\t<\/div>\n\t\t<\/section>\n\t\t\t\t\t\t\t<\/div>\n\t\t","protected":false},"excerpt":{"rendered":"<p>1. Termos Ao acessar ao site Marili Requia Corretora de Seguros, concorda em cumprir estes termos de servi\u00e7o, todas as leis e regulamentos aplic\u00e1veis \u200b\u200be concorda que \u00e9 respons\u00e1vel pelo cumprimento de todas as leis locais aplic\u00e1veis. Se voc\u00ea n\u00e3o concordar com algum desses termos, est\u00e1 proibido de usar ou acessar este site. Os conte\u00fados&#8230;<\/p>\n","protected":false},"author":1,"featured_media":0,"parent":0,"menu_order":0,"comment_status":"closed","ping_status":"closed","template":"","meta":{"_seopress_robots_primary_cat":"","_kad_post_transparent":"","_kad_post_title":"","_kad_post_layout":"","_kad_post_sidebar_id":"","_kad_post_content_style":"","_kad_post_vertical_padding":"","_kad_post_feature":"","_kad_post_feature_position":"","_kad_post_header":false,"_kad_post_footer":false,"footnotes":""},"class_list":["post-2","page","type-page","status-publish","hentry"],"_links":{"self":[{"href":"https:\/\/marilirequiaseguros.com.br\/flight\/wp-json\/wp\/v2\/pages\/2","targetHints":{"allow":["GET"]}}],"collection":[{"href":"https:\/\/marilirequiaseguros.com.br\/flight\/wp-json\/wp\/v2\/pages"}],"about":[{"href":"https:\/\/marilirequiaseguros.com.br\/flight\/wp-json\/wp\/v2\/types\/page"}],"author":[{"embeddable":true,"href":"https:\/\/marilirequiaseguros.com.br\/flight\/wp-json\/wp\/v2\/users\/1"}],"replies":[{"embeddable":true,"href":"https:\/\/marilirequiaseguros.com.br\/flight\/wp-json\/wp\/v2\/comments?post=2"}],"version-history":[{"count":11,"href":"https:\/\/marilirequiaseguros.com.br\/flight\/wp-json\/wp\/v2\/pages\/2\/revisions"}],"predecessor-version":[{"id":1290,"href":"https:\/\/marilirequiaseguros.com.br\/flight\/wp-json\/wp\/v2\/pages\/2\/revisions\/1290"}],"wp:attachment":[{"href":"https:\/\/marilirequiaseguros.com.br\/flight\/wp-json\/wp\/v2\/media?parent=2"}],"curies":[{"name":"wp","href":"https:\/\/api.w.org\/{rel}","templated":true}]}}